{"id":262,"date":"2020-01-21T15:23:48","date_gmt":"2020-01-21T12:23:48","guid":{"rendered":"http:\/\/www.projist.com.tr\/?page_id=262"},"modified":"2020-01-22T16:18:43","modified_gmt":"2020-01-22T13:18:43","slug":"proje-gelistirme-insaat","status":"publish","type":"page","link":"http:\/\/www.projist.com.tr\/?page_id=262","title":{"rendered":"Proje Geli\u015ftirme ve \u0130n\u015faat"},"content":{"rendered":"","protected":false},"excerpt":{"rendered":"","protected":false},"author":1,"featured_media":0,"parent":0,"menu_order":0,"comment_status":"closed","ping_status":"closed","template":"","meta":{"_et_pb_use_builder":"on","_et_pb_old_content":"","_et_gb_content_width":""},"_links":{"self":[{"href":"http:\/\/www.projist.com.tr\/index.php?rest_route=\/wp\/v2\/pages\/262"}],"collection":[{"href":"http:\/\/www.projist.com.tr\/index.php?rest_route=\/wp\/v2\/pages"}],"about":[{"href":"http:\/\/www.projist.com.tr\/index.php?rest_route=\/wp\/v2\/types\/page"}],"author":[{"embeddable":true,"href":"http:\/\/www.projist.com.tr\/index.php?rest_route=\/wp\/v2\/users\/1"}],"replies":[{"embeddable":true,"href":"http:\/\/www.projist.com.tr\/index.php?rest_route=%2Fwp%2Fv2%2Fcomments&post=262"}],"version-history":[{"count":3,"href":"http:\/\/www.projist.com.tr\/index.php?rest_route=\/wp\/v2\/pages\/262\/revisions"}],"predecessor-version":[{"id":396,"href":"http:\/\/www.projist.com.tr\/index.php?rest_route=\/wp\/v2\/pages\/262\/revisions\/396"}],"wp:attachment":[{"href":"http:\/\/www.projist.com.tr\/index.php?rest_route=%2Fwp%2Fv2%2Fmedia&parent=262"}],"curies":[{"name":"wp","href":"https:\/\/api.w.org\/{rel}","templated":true}]}}