{"id":41,"date":"2020-01-20T13:11:32","date_gmt":"2020-01-20T10:11:32","guid":{"rendered":"http:\/\/www.projist.com.tr\/?page_id=41"},"modified":"2020-01-20T17:04:55","modified_gmt":"2020-01-20T14:04:55","slug":"iletisim","status":"publish","type":"page","link":"http:\/\/www.projist.com.tr\/?page_id=41","title":{"rendered":"\u0130LET\u0130\u015e\u0130M"},"content":{"rendered":"","protected":false},"excerpt":{"rendered":"","protected":false},"author":1,"featured_media":0,"parent":0,"menu_order":5,"comment_status":"closed","ping_status":"closed","template":"","meta":{"_et_pb_use_builder":"on","_et_pb_old_content":"","_et_gb_content_width":""},"_links":{"self":[{"href":"http:\/\/www.projist.com.tr\/index.php?rest_route=\/wp\/v2\/pages\/41"}],"collection":[{"href":"http:\/\/www.projist.com.tr\/index.php?rest_route=\/wp\/v2\/pages"}],"about":[{"href":"http:\/\/www.projist.com.tr\/index.php?rest_route=\/wp\/v2\/types\/page"}],"author":[{"embeddable":true,"href":"http:\/\/www.projist.com.tr\/index.php?rest_route=\/wp\/v2\/users\/1"}],"replies":[{"embeddable":true,"href":"http:\/\/www.projist.com.tr\/index.php?rest_route=%2Fwp%2Fv2%2Fcomments&post=41"}],"version-history":[{"count":2,"href":"http:\/\/www.projist.com.tr\/index.php?rest_route=\/wp\/v2\/pages\/41\/revisions"}],"predecessor-version":[{"id":198,"href":"http:\/\/www.projist.com.tr\/index.php?rest_route=\/wp\/v2\/pages\/41\/revisions\/198"}],"wp:attachment":[{"href":"http:\/\/www.projist.com.tr\/index.php?rest_route=%2Fwp%2Fv2%2Fmedia&parent=41"}],"curies":[{"name":"wp","href":"https:\/\/api.w.org\/{rel}","templated":true}]}}